{"id":18,"date":"2025-01-07T12:43:49","date_gmt":"2025-01-07T04:43:49","guid":{"rendered":"http:\/\/www.ccnulqcd.net\/?page_id=18"},"modified":"2026-03-12T09:29:39","modified_gmt":"2026-03-12T01:29:39","slug":"people","status":"publish","type":"page","link":"http:\/\/www.ccnulqcd.net\/index.php\/people\/","title":{"rendered":"PEOPLE"},"content":{"rendered":"\n<p class=\"has-medium-font-size\"><strong>Professor<\/strong><\/p>\n\n\n\n<div class=\"wp-block-group is-layout-grid wp-container-core-group-is-layout-6059c0ab wp-block-group-is-layout-grid\">\n<figure class=\"wp-block-image size-medium wp-container-content-574e1f9d\"><img loading=\"lazy\" decoding=\"async\" width=\"300\" height=\"300\" src=\"http:\/\/www.ccnulqcd.net\/wp-content\/uploads\/2025\/01\/\u4e01\u4ea8\u901a-1-300x300.jpg\" alt=\"\" class=\"wp-image-202\" style=\"aspect-ratio:1;object-fit:cover\" srcset=\"http:\/\/www.ccnulqcd.net\/wp-content\/uploads\/2025\/01\/\u4e01\u4ea8\u901a-1-300x300.jpg 300w, http:\/\/www.ccnulqcd.net\/wp-content\/uploads\/2025\/01\/\u4e01\u4ea8\u901a-1-1024x1024.jpg 1024w, http:\/\/www.ccnulqcd.net\/wp-content\/uploads\/2025\/01\/\u4e01\u4ea8\u901a-1-150x150.jpg 150w, http:\/\/www.ccnulqcd.net\/wp-content\/uploads\/2025\/01\/\u4e01\u4ea8\u901a-1-768x768.jpg 768w, http:\/\/www.ccnulqcd.net\/wp-content\/uploads\/2025\/01\/\u4e01\u4ea8\u901a-1-1536x1536.jpg 1536w, http:\/\/www.ccnulqcd.net\/wp-content\/uploads\/2025\/01\/\u4e01\u4ea8\u901a-1-2048x2048.jpg 2048w, http:\/\/www.ccnulqcd.net\/wp-content\/uploads\/2025\/01\/\u4e01\u4ea8\u901a-1-624x624.jpg 624w\" sizes=\"auto, (max-width: 300px) 100vw, 300px\" \/><\/figure>\n\n\n\n<p class=\"wp-container-content-8061b864\"><a href=\"https:\/\/inspirehep.net\/authors\/1259382?ui-citation-summary=true\">Heng-Tong Ding<\/a><br>\u4e01\u4ea8\u901a<br>\u6559\u6388 | \u6770\u9752<br>Office: 9435 <br>Email: <a href=\"mailto:hengtong.ding@ccnu.edu.cn\">hengtong.ding@ccnu.edu.cn<\/a><br>Link: <a href=\"https:\/\/iopp.ccnu.edu.cn\/en\/info\/1089\/1217.htm\">IOPP hompage<\/a><br><\/p>\n<\/div>\n\n\n\n<p><\/p>\n\n\n\n<div class=\"wp-block-group is-layout-grid wp-container-core-group-is-layout-8c0fce00 wp-block-group-is-layout-grid\">\n<figure class=\"wp-block-image size-full\"><img loading=\"lazy\" decoding=\"async\" width=\"667\" height=\"850\" src=\"http:\/\/www.ccnulqcd.net\/wp-content\/uploads\/2025\/01\/\u8212\u6d77\u6d9b-1.jpg\" alt=\"\" class=\"wp-image-201\" style=\"aspect-ratio:1;object-fit:cover\" srcset=\"http:\/\/www.ccnulqcd.net\/wp-content\/uploads\/2025\/01\/\u8212\u6d77\u6d9b-1.jpg 667w, http:\/\/www.ccnulqcd.net\/wp-content\/uploads\/2025\/01\/\u8212\u6d77\u6d9b-1-235x300.jpg 235w, http:\/\/www.ccnulqcd.net\/wp-content\/uploads\/2025\/01\/\u8212\u6d77\u6d9b-1-624x795.jpg 624w\" sizes=\"auto, (max-width: 667px) 100vw, 667px\" \/><\/figure>\n\n\n\n<p class=\"wp-container-content-b7c2152c\">Hai-Tao Shu<br>\u8212\u6d77\u6d9b<br>\u6559\u6388<br>Office: 9430 <br>Email: <a href=\"mailto: hai-tao.shu@ccnu.edu.cn\">hai-tao.shu@ccnu.edu.cn<\/a><\/p>\n<\/div>\n\n\n\n<p><\/p>\n\n\n\n<p class=\"has-medium-font-size\"><strong>Assistant Professors:<\/strong><\/p>\n\n\n\n<div class=\"wp-block-group is-layout-grid wp-container-core-group-is-layout-8c0fce00 wp-block-group-is-layout-grid\">\n<figure class=\"wp-block-image size-large\"><img loading=\"lazy\" decoding=\"async\" width=\"727\" height=\"1024\" src=\"http:\/\/www.ccnulqcd.net\/wp-content\/uploads\/2025\/01\/\u5f20\u514b\u9f99-727x1024.jpg\" alt=\"\" class=\"wp-image-200\" style=\"aspect-ratio:1;object-fit:cover\" srcset=\"http:\/\/www.ccnulqcd.net\/wp-content\/uploads\/2025\/01\/\u5f20\u514b\u9f99-727x1024.jpg 727w, http:\/\/www.ccnulqcd.net\/wp-content\/uploads\/2025\/01\/\u5f20\u514b\u9f99-213x300.jpg 213w, http:\/\/www.ccnulqcd.net\/wp-content\/uploads\/2025\/01\/\u5f20\u514b\u9f99-768x1082.jpg 768w, http:\/\/www.ccnulqcd.net\/wp-content\/uploads\/2025\/01\/\u5f20\u514b\u9f99-1090x1536.jpg 1090w, http:\/\/www.ccnulqcd.net\/wp-content\/uploads\/2025\/01\/\u5f20\u514b\u9f99-624x879.jpg 624w, http:\/\/www.ccnulqcd.net\/wp-content\/uploads\/2025\/01\/\u5f20\u514b\u9f99.jpg 1280w\" sizes=\"auto, (max-width: 727px) 100vw, 727px\" \/><\/figure>\n\n\n\n<p class=\"wp-container-content-b7c2152c\">Ke-Long Zhang<br>\u5f20\u514b\u9f99<br>\u526f\u7814\u7a76\u5458<br>Office: 91216 <br>Email: <a href=\"mailto: klzhang@ccnu.edu.cn\">klzhang@ccnu.edu.cn<\/a><\/p>\n<\/div>\n\n\n\n<p><\/p>\n\n\n\n<p class=\"has-medium-font-size\"><strong>Staff:<\/strong><\/p>\n\n\n\n<div class=\"wp-block-group is-layout-grid wp-container-core-group-is-layout-8c0fce00 wp-block-group-is-layout-grid\">\n<figure class=\"wp-block-image size-large\"><img loading=\"lazy\" decoding=\"async\" width=\"1024\" height=\"1015\" src=\"http:\/\/www.ccnulqcd.net\/wp-content\/uploads\/2025\/01\/\u674e\u80dc\u6cf0-1024x1015.jpg\" alt=\"\" class=\"wp-image-199\" style=\"aspect-ratio:1;object-fit:cover\" srcset=\"http:\/\/www.ccnulqcd.net\/wp-content\/uploads\/2025\/01\/\u674e\u80dc\u6cf0-1024x1015.jpg 1024w, http:\/\/www.ccnulqcd.net\/wp-content\/uploads\/2025\/01\/\u674e\u80dc\u6cf0-300x297.jpg 300w, http:\/\/www.ccnulqcd.net\/wp-content\/uploads\/2025\/01\/\u674e\u80dc\u6cf0-150x150.jpg 150w, http:\/\/www.ccnulqcd.net\/wp-content\/uploads\/2025\/01\/\u674e\u80dc\u6cf0-768x761.jpg 768w, http:\/\/www.ccnulqcd.net\/wp-content\/uploads\/2025\/01\/\u674e\u80dc\u6cf0-624x619.jpg 624w, http:\/\/www.ccnulqcd.net\/wp-content\/uploads\/2025\/01\/\u674e\u80dc\u6cf0.jpg 1063w\" sizes=\"auto, (max-width: 1024px) 100vw, 1024px\" \/><\/figure>\n\n\n\n<p class=\"wp-container-content-d885c57a\">Sheng-Tai Li<br>\u674e\u80dc\u6cf0<br>\u5de5\u7a0b\u5e08<br>Office\uff1a9750 <br>Email\uff1a<a href=\"mailto: lishengtai@ccnu.edu.cn\">lishengtai@ccnu.edu.cn<\/a><\/p>\n<\/div>\n\n\n\n<p><\/p>\n\n\n\n<p class=\"has-medium-font-size\"><strong>Postdoctoral Researchers<strong>:<\/strong><\/strong><\/p>\n\n\n\n<div class=\"wp-block-group is-layout-grid wp-container-core-group-is-layout-8c0fce00 wp-block-group-is-layout-grid\">\n<figure class=\"wp-block-image size-large\"><img loading=\"lazy\" decoding=\"async\" width=\"794\" height=\"1024\" src=\"http:\/\/www.ccnulqcd.net\/wp-content\/uploads\/2025\/01\/Arpith-Kumar-1-794x1024.jpg\" alt=\"\" class=\"wp-image-204\" style=\"aspect-ratio:1;object-fit:cover\" srcset=\"http:\/\/www.ccnulqcd.net\/wp-content\/uploads\/2025\/01\/Arpith-Kumar-1-794x1024.jpg 794w, http:\/\/www.ccnulqcd.net\/wp-content\/uploads\/2025\/01\/Arpith-Kumar-1-233x300.jpg 233w, http:\/\/www.ccnulqcd.net\/wp-content\/uploads\/2025\/01\/Arpith-Kumar-1-768x990.jpg 768w, http:\/\/www.ccnulqcd.net\/wp-content\/uploads\/2025\/01\/Arpith-Kumar-1-1191x1536.jpg 1191w, http:\/\/www.ccnulqcd.net\/wp-content\/uploads\/2025\/01\/Arpith-Kumar-1-1588x2048.jpg 1588w, http:\/\/www.ccnulqcd.net\/wp-content\/uploads\/2025\/01\/Arpith-Kumar-1-624x805.jpg 624w, http:\/\/www.ccnulqcd.net\/wp-content\/uploads\/2025\/01\/Arpith-Kumar-1-scaled.jpg 1986w\" sizes=\"auto, (max-width: 794px) 100vw, 794px\" \/><\/figure>\n\n\n\n<p class=\"wp-container-content-63009f4f\">Arpith Kumar<br>Office: 9417 <br>Email: <a href=\"mailto: arpithk@ccnu.edu.cn\">arpithk@ccnu.edu.cn<\/a><\/p>\n<\/div>\n\n\n\n<p><\/p>\n\n\n\n<div class=\"wp-block-group is-layout-grid wp-container-core-group-is-layout-8c0fce00 wp-block-group-is-layout-grid\">\n<figure class=\"wp-block-image size-full\"><img loading=\"lazy\" decoding=\"async\" width=\"487\" height=\"487\" src=\"http:\/\/www.ccnulqcd.net\/wp-content\/uploads\/2026\/01\/Sandip-Maiti2.jpg\" alt=\"\" class=\"wp-image-547\" style=\"aspect-ratio:1;object-fit:cover\" srcset=\"http:\/\/www.ccnulqcd.net\/wp-content\/uploads\/2026\/01\/Sandip-Maiti2.jpg 487w, http:\/\/www.ccnulqcd.net\/wp-content\/uploads\/2026\/01\/Sandip-Maiti2-300x300.jpg 300w, http:\/\/www.ccnulqcd.net\/wp-content\/uploads\/2026\/01\/Sandip-Maiti2-150x150.jpg 150w\" sizes=\"auto, (max-width: 487px) 100vw, 487px\" \/><\/figure>\n\n\n\n<p class=\"wp-container-content-d885c57a\">Sandip Maiti<br>Office: 9417 <br>Email: <a href=\"mailto:sandipmaiti73@gmail.com\">sandipmaiti73@gmail.com<\/a><\/p>\n<\/div>\n\n\n\n<p><\/p>\n\n\n\n<div class=\"wp-block-group is-layout-grid wp-container-core-group-is-layout-8c0fce00 wp-block-group-is-layout-grid\">\n<figure class=\"wp-block-image size-medium\"><img loading=\"lazy\" decoding=\"async\" width=\"300\" height=\"297\" src=\"http:\/\/www.ccnulqcd.net\/wp-content\/uploads\/2026\/03\/202603-pd-300x297.jpg\" alt=\"\" class=\"wp-image-556\" style=\"aspect-ratio:1;object-fit:cover\" srcset=\"http:\/\/www.ccnulqcd.net\/wp-content\/uploads\/2026\/03\/202603-pd-300x297.jpg 300w, http:\/\/www.ccnulqcd.net\/wp-content\/uploads\/2026\/03\/202603-pd-1024x1014.jpg 1024w, http:\/\/www.ccnulqcd.net\/wp-content\/uploads\/2026\/03\/202603-pd-150x150.jpg 150w, http:\/\/www.ccnulqcd.net\/wp-content\/uploads\/2026\/03\/202603-pd-768x760.jpg 768w, http:\/\/www.ccnulqcd.net\/wp-content\/uploads\/2026\/03\/202603-pd-624x618.jpg 624w, http:\/\/www.ccnulqcd.net\/wp-content\/uploads\/2026\/03\/202603-pd.jpg 1293w\" sizes=\"auto, (max-width: 300px) 100vw, 300px\" \/><\/figure>\n\n\n\n<p class=\"has-text-align-left wp-container-content-d885c57a\">Jos\u00e9 Javier Hern\u00e1ndez Hern\u00e1ndez<br>Office: 9427 <br>Email: <a href=\"mailto:josejavierhdezhdez98@gmail.com\">josejavierhdezhdez98@gmail.com<\/a><a href=\"mailto: arpithk@ccnu.edu.cn\"><br><\/a><\/p>\n<\/div>\n\n\n\n<p><\/p>\n\n\n\n<p class=\"has-medium-font-size\"><strong>PhD students:<\/strong><\/p>\n\n\n\n<div class=\"wp-block-group is-layout-grid wp-container-core-group-is-layout-8c0fce00 wp-block-group-is-layout-grid\">\n<figure class=\"wp-block-image size-large\"><img loading=\"lazy\" decoding=\"async\" width=\"1024\" height=\"683\" src=\"http:\/\/www.ccnulqcd.net\/wp-content\/uploads\/2025\/01\/\u987e\u9526\u5f6a-1-1024x683.jpg\" alt=\"\" class=\"wp-image-210\" style=\"aspect-ratio:1;object-fit:cover\" srcset=\"http:\/\/www.ccnulqcd.net\/wp-content\/uploads\/2025\/01\/\u987e\u9526\u5f6a-1-1024x683.jpg 1024w, http:\/\/www.ccnulqcd.net\/wp-content\/uploads\/2025\/01\/\u987e\u9526\u5f6a-1-300x200.jpg 300w, http:\/\/www.ccnulqcd.net\/wp-content\/uploads\/2025\/01\/\u987e\u9526\u5f6a-1-768x512.jpg 768w, http:\/\/www.ccnulqcd.net\/wp-content\/uploads\/2025\/01\/\u987e\u9526\u5f6a-1-1536x1024.jpg 1536w, http:\/\/www.ccnulqcd.net\/wp-content\/uploads\/2025\/01\/\u987e\u9526\u5f6a-1-2048x1365.jpg 2048w, http:\/\/www.ccnulqcd.net\/wp-content\/uploads\/2025\/01\/\u987e\u9526\u5f6a-1-624x416.jpg 624w\" sizes=\"auto, (max-width: 1024px) 100vw, 1024px\" \/><\/figure>\n\n\n\n<p class=\"wp-container-content-5de4eddb\">Jin-Biao Gu <br>\u987e\u9526\u5f6a<br>Office: 9419 <br>Email: <a href=\"mailto: jinbiaogu@malis.ccnu.edu.cn\">jinbiaogu@malis.ccnu.edu.cn<\/a><\/p>\n<\/div>\n\n\n\n<p><\/p>\n\n\n\n<div class=\"wp-block-group is-layout-grid wp-container-core-group-is-layout-8c0fce00 wp-block-group-is-layout-grid\">\n<figure class=\"wp-block-image size-large\"><img loading=\"lazy\" decoding=\"async\" width=\"1024\" height=\"749\" src=\"http:\/\/www.ccnulqcd.net\/wp-content\/uploads\/2025\/01\/\u7f57\u5189-1024x749.jpg\" alt=\"\" class=\"wp-image-211\" style=\"aspect-ratio:1;object-fit:cover\" srcset=\"http:\/\/www.ccnulqcd.net\/wp-content\/uploads\/2025\/01\/\u7f57\u5189-1024x749.jpg 1024w, http:\/\/www.ccnulqcd.net\/wp-content\/uploads\/2025\/01\/\u7f57\u5189-300x219.jpg 300w, http:\/\/www.ccnulqcd.net\/wp-content\/uploads\/2025\/01\/\u7f57\u5189-768x561.jpg 768w, http:\/\/www.ccnulqcd.net\/wp-content\/uploads\/2025\/01\/\u7f57\u5189-1536x1123.jpg 1536w, http:\/\/www.ccnulqcd.net\/wp-content\/uploads\/2025\/01\/\u7f57\u5189-624x456.jpg 624w, http:\/\/www.ccnulqcd.net\/wp-content\/uploads\/2025\/01\/\u7f57\u5189.jpg 1554w\" sizes=\"auto, (max-width: 1024px) 100vw, 1024px\" \/><\/figure>\n\n\n\n<p class=\"wp-container-content-5de4eddb\">Ran Luo <br>\u7f57\u5189<br>Office: 9457 <br>Email: <a href=\"mailto: ranluo@mails.ccnu.edu.cn\">ranluo@mails.ccnu.edu.cn<\/a><\/p>\n<\/div>\n\n\n\n<p><\/p>\n\n\n\n<div class=\"wp-block-group is-layout-grid wp-container-core-group-is-layout-8c0fce00 wp-block-group-is-layout-grid\">\n<figure class=\"wp-block-image size-large\"><img loading=\"lazy\" decoding=\"async\" width=\"896\" height=\"1024\" src=\"http:\/\/www.ccnulqcd.net\/wp-content\/uploads\/2025\/01\/\u5f20\u4e39-1-896x1024.jpg\" alt=\"\" class=\"wp-image-212\" style=\"aspect-ratio:1;object-fit:cover\" srcset=\"http:\/\/www.ccnulqcd.net\/wp-content\/uploads\/2025\/01\/\u5f20\u4e39-1-896x1024.jpg 896w, http:\/\/www.ccnulqcd.net\/wp-content\/uploads\/2025\/01\/\u5f20\u4e39-1-262x300.jpg 262w, http:\/\/www.ccnulqcd.net\/wp-content\/uploads\/2025\/01\/\u5f20\u4e39-1-768x878.jpg 768w, http:\/\/www.ccnulqcd.net\/wp-content\/uploads\/2025\/01\/\u5f20\u4e39-1-1344x1536.jpg 1344w, http:\/\/www.ccnulqcd.net\/wp-content\/uploads\/2025\/01\/\u5f20\u4e39-1-1791x2048.jpg 1791w, http:\/\/www.ccnulqcd.net\/wp-content\/uploads\/2025\/01\/\u5f20\u4e39-1-624x713.jpg 624w\" sizes=\"auto, (max-width: 896px) 100vw, 896px\" \/><\/figure>\n\n\n\n<p class=\"wp-container-content-5de4eddb\">Dan Zhang <br>\u5f20\u4e39<br>Office: 9457 <br>Email: <a href=\"mailto: daniellezhang@mails.ccnu.edu.cn\">daniellezhang@mails.ccnu.edu.cn<\/a><\/p>\n<\/div>\n\n\n\n<p><\/p>\n\n\n\n<div class=\"wp-block-group is-layout-grid wp-container-core-group-is-layout-8c0fce00 wp-block-group-is-layout-grid\">\n<figure class=\"wp-block-image size-large\"><img loading=\"lazy\" decoding=\"async\" width=\"797\" height=\"1024\" src=\"http:\/\/www.ccnulqcd.net\/wp-content\/uploads\/2025\/01\/\u5f20\u6210-1-797x1024.jpg\" alt=\"\" class=\"wp-image-213\" style=\"aspect-ratio:1;object-fit:cover\" srcset=\"http:\/\/www.ccnulqcd.net\/wp-content\/uploads\/2025\/01\/\u5f20\u6210-1-797x1024.jpg 797w, http:\/\/www.ccnulqcd.net\/wp-content\/uploads\/2025\/01\/\u5f20\u6210-1-233x300.jpg 233w, http:\/\/www.ccnulqcd.net\/wp-content\/uploads\/2025\/01\/\u5f20\u6210-1-768x987.jpg 768w, http:\/\/www.ccnulqcd.net\/wp-content\/uploads\/2025\/01\/\u5f20\u6210-1-1195x1536.jpg 1195w, http:\/\/www.ccnulqcd.net\/wp-content\/uploads\/2025\/01\/\u5f20\u6210-1-1594x2048.jpg 1594w, http:\/\/www.ccnulqcd.net\/wp-content\/uploads\/2025\/01\/\u5f20\u6210-1-624x802.jpg 624w, http:\/\/www.ccnulqcd.net\/wp-content\/uploads\/2025\/01\/\u5f20\u6210-1-scaled.jpg 1992w\" sizes=\"auto, (max-width: 797px) 100vw, 797px\" \/><\/figure>\n\n\n\n<p class=\"wp-container-content-5de4eddb\">Cheng Zhang <br>\u5f20\u6210<br>Office: 9457 <br>Email: <a href=\"mailto: chengzhang@mails.ccnu.edu.cn\">chengzhang@mails.ccnu.edu.cn<\/a><\/p>\n<\/div>\n\n\n\n<p><\/p>\n\n\n\n<div class=\"wp-block-group is-layout-grid wp-container-core-group-is-layout-8c0fce00 wp-block-group-is-layout-grid\">\n<figure class=\"wp-block-image size-large\"><img loading=\"lazy\" decoding=\"async\" width=\"768\" height=\"1024\" src=\"http:\/\/www.ccnulqcd.net\/wp-content\/uploads\/2025\/01\/\u53f6\u51ef\u5e06-1-768x1024.jpg\" alt=\"\" class=\"wp-image-214\" style=\"aspect-ratio:1;object-fit:cover\" srcset=\"http:\/\/www.ccnulqcd.net\/wp-content\/uploads\/2025\/01\/\u53f6\u51ef\u5e06-1-768x1024.jpg 768w, http:\/\/www.ccnulqcd.net\/wp-content\/uploads\/2025\/01\/\u53f6\u51ef\u5e06-1-225x300.jpg 225w, http:\/\/www.ccnulqcd.net\/wp-content\/uploads\/2025\/01\/\u53f6\u51ef\u5e06-1-1152x1536.jpg 1152w, http:\/\/www.ccnulqcd.net\/wp-content\/uploads\/2025\/01\/\u53f6\u51ef\u5e06-1-624x832.jpg 624w, http:\/\/www.ccnulqcd.net\/wp-content\/uploads\/2025\/01\/\u53f6\u51ef\u5e06-1.jpg 1279w\" sizes=\"auto, (max-width: 768px) 100vw, 768px\" \/><\/figure>\n\n\n\n<p class=\"wp-container-content-5de4eddb\">Kai-Fan Ye <br>\u53f6\u51ef\u5e06<br>Office: 9457 <br>Email: <a href=\"mailto: yekaifan@mails.ccnu.edu.cn\">yekaifan@mails.ccnu.edu.cn<\/a><\/p>\n<\/div>\n\n\n\n<p><\/p>\n\n\n\n<div class=\"wp-block-group is-layout-grid wp-container-core-group-is-layout-8c0fce00 wp-block-group-is-layout-grid\">\n<figure class=\"wp-block-image size-full\"><img loading=\"lazy\" decoding=\"async\" width=\"1023\" height=\"1023\" src=\"http:\/\/www.ccnulqcd.net\/wp-content\/uploads\/2026\/01\/\u97e9\u6210\u9f992.jpg\" alt=\"\" class=\"wp-image-543\" style=\"aspect-ratio:1;object-fit:cover\" srcset=\"http:\/\/www.ccnulqcd.net\/wp-content\/uploads\/2026\/01\/\u97e9\u6210\u9f992.jpg 1023w, http:\/\/www.ccnulqcd.net\/wp-content\/uploads\/2026\/01\/\u97e9\u6210\u9f992-300x300.jpg 300w, http:\/\/www.ccnulqcd.net\/wp-content\/uploads\/2026\/01\/\u97e9\u6210\u9f992-150x150.jpg 150w, http:\/\/www.ccnulqcd.net\/wp-content\/uploads\/2026\/01\/\u97e9\u6210\u9f992-768x768.jpg 768w, http:\/\/www.ccnulqcd.net\/wp-content\/uploads\/2026\/01\/\u97e9\u6210\u9f992-624x624.jpg 624w\" sizes=\"auto, (max-width: 1023px) 100vw, 1023px\" \/><\/figure>\n\n\n\n<p class=\"wp-container-content-d885c57a\">Cheng-Long Han <br>\u97e9\u6210\u9f99<br>Office: 9457 <br>Email: <a href=\"mailto:han_c_l@mails.ccnu.edu.cn\">han_c_l@mails.ccnu.edu.cn<\/a><br><a href=\"mailto: yekaifan@mails.ccnu.edu.cn\"><br><\/a><\/p>\n<\/div>\n\n\n\n<p><\/p>\n\n\n\n<p class=\"has-medium-font-size\"><strong>Master students:<\/strong><\/p>\n\n\n\n<div class=\"wp-block-group is-layout-grid wp-container-core-group-is-layout-8c0fce00 wp-block-group-is-layout-grid\">\n<figure class=\"wp-block-image size-large\"><img loading=\"lazy\" decoding=\"async\" width=\"768\" height=\"1024\" src=\"http:\/\/www.ccnulqcd.net\/wp-content\/uploads\/2025\/01\/\u4e0ePeople\u7684\u7167\u7247\u8c03\u6362-768x1024.jpg\" alt=\"\" class=\"wp-image-383\" style=\"aspect-ratio:1;object-fit:cover\" srcset=\"http:\/\/www.ccnulqcd.net\/wp-content\/uploads\/2025\/01\/\u4e0ePeople\u7684\u7167\u7247\u8c03\u6362-768x1024.jpg 768w, http:\/\/www.ccnulqcd.net\/wp-content\/uploads\/2025\/01\/\u4e0ePeople\u7684\u7167\u7247\u8c03\u6362-225x300.jpg 225w, http:\/\/www.ccnulqcd.net\/wp-content\/uploads\/2025\/01\/\u4e0ePeople\u7684\u7167\u7247\u8c03\u6362-1152x1536.jpg 1152w, http:\/\/www.ccnulqcd.net\/wp-content\/uploads\/2025\/01\/\u4e0ePeople\u7684\u7167\u7247\u8c03\u6362-624x832.jpg 624w, http:\/\/www.ccnulqcd.net\/wp-content\/uploads\/2025\/01\/\u4e0ePeople\u7684\u7167\u7247\u8c03\u6362.jpg 1280w\" sizes=\"auto, (max-width: 768px) 100vw, 768px\" \/><\/figure>\n\n\n\n<p class=\"wp-container-content-d885c57a\">Jia Ni <br>\u502a\u4f73<br>Office: 9457 <br>Email: <a href=\"mailto: 1833290668@qq.com\">1833290668@qq.com<\/a><\/p>\n<\/div>\n\n\n\n<p><\/p>\n\n\n\n<div class=\"wp-block-group is-layout-grid wp-container-core-group-is-layout-8c0fce00 wp-block-group-is-layout-grid\">\n<figure class=\"wp-block-image size-large\"><img loading=\"lazy\" decoding=\"async\" width=\"819\" height=\"1024\" src=\"http:\/\/www.ccnulqcd.net\/wp-content\/uploads\/2026\/01\/\u5218\u5fd7\u5b8f-819x1024.jpg\" alt=\"\" class=\"wp-image-546\" style=\"aspect-ratio:1;object-fit:cover\" srcset=\"http:\/\/www.ccnulqcd.net\/wp-content\/uploads\/2026\/01\/\u5218\u5fd7\u5b8f-819x1024.jpg 819w, http:\/\/www.ccnulqcd.net\/wp-content\/uploads\/2026\/01\/\u5218\u5fd7\u5b8f-240x300.jpg 240w, http:\/\/www.ccnulqcd.net\/wp-content\/uploads\/2026\/01\/\u5218\u5fd7\u5b8f-768x960.jpg 768w, http:\/\/www.ccnulqcd.net\/wp-content\/uploads\/2026\/01\/\u5218\u5fd7\u5b8f-1229x1536.jpg 1229w, http:\/\/www.ccnulqcd.net\/wp-content\/uploads\/2026\/01\/\u5218\u5fd7\u5b8f-624x780.jpg 624w, http:\/\/www.ccnulqcd.net\/wp-content\/uploads\/2026\/01\/\u5218\u5fd7\u5b8f.jpg 1279w\" sizes=\"auto, (max-width: 819px) 100vw, 819px\" \/><\/figure>\n\n\n\n<p class=\"wp-container-content-d885c57a\">Zhi-Hong Liu <br>\u5218\u5fd7\u5b8f<br>Office: 9457 <br>Email: <a href=\"mailto:zhihong.liu@mails.ccnu.edu.cn\">zhihong.liu@mails.ccnu.edu.cn<\/a><\/p>\n<\/div>\n\n\n\n<p><\/p>\n\n\n\n<p class=\"has-medium-font-size\"><strong>Former group members:<\/strong><\/p>\n\n\n\n<p class=\"has-medium-font-size\">Postdocs:<\/p>\n\n\n\n<ul class=\"wp-block-list\">\n<li>Rishabh Thakkar, Oct. 2023 \u2013 Aug. 2025, Next: postdoc in the group of Prof. Kai Zhou at The Chinese University of Hong Kong, Shenzhen (CUHK-Shenzhen) , China<\/li>\n\n\n\n<li>Jun-Hong Liu(\u5218\u4fca\u5b8f), Sep. 2021 &#8211; June 2023, Next: industry, TenFong company in Shenzhen (\u6df1\u5733\u5341\u6ca3\u79d1\u6280)<\/li>\n\n\n\n<li>Xiang Gao(\u9ad8\u7fd4), July 2021 -April 2022 , Next: postdoc at ANL, USA. Now: postdoc at BNL, USA<\/li>\n\n\n\n<li>Akio Tomiya, Oct. 2015 &#8211; Aug. 2018, Next: postdoc at Riken-BNL research center, USA, Now: Junior associate Professor at Tokyo Woman\u2019s Christian University, Japan<\/li>\n\n\n\n<li>Prasad Hegde, Nov. 2013 \u2013 Mar. 2016, Next: Assistant professor at Indian Institute of Science, Bangalore, Now: Associate Professor at Indian Institute of Science, Bangalore<\/li>\n<\/ul>\n\n\n\n<p class=\"has-medium-font-size\">PhD students:<\/p>\n\n\n\n<ul class=\"wp-block-list\">\n<li>Qi Shi (\u65bd\u5c90), Sep. 2021 &#8211; June 2025, Next: postdoc in the group of Prof. Andrew Hanlon at Kent State University, USA<\/li>\n\n\n\n<li>Wei-Ping Huang (\u9ec4\u73ae\u5e73)\uff0cSep. 2021- June 2025\uff0cNext: Postdoc in the group of Prof. Gergely Endr\u0151di at Eotvos U., Hungary<\/li>\n\n\n\n<li>Xiao-Dan Wang(\u6c6a\u6653\u4e39), Sep. 2016- June, 2022, Next: Physics teacher in the first affiliated high school of CCNU (\u534e\u4e2d\u5e08\u5927\u4e00\u9644\u4e2d)<\/li>\n\n\n\n<li>Yu Zhang (\u5f20\u745c), Sep. 2016 -June 2021, Next: postdoc at Kobe-RIKEN, Japan, Now: postdoc at Bielefeld Unviersity, Germany<\/li>\n\n\n\n<li>Sheng-Tai Li(\u674e\u80dc\u6cf0), Sep. 2014-June 2019, Next: Postdoc at Institute of Modern Physics, CAS, Now: staff engineer at CCNU<\/li>\n\n\n\n<li>Hai-Tao Shu(\u8212\u6d77\u6d9b), Sep.2013-June 2018, Next: postdoc at Bielefeld University, Regensburg Uni, and Brookhaven National Lab, Now: assistant professor at CCNU<\/li>\n<\/ul>\n\n\n\n<p class=\"has-medium-font-size\">Master students:<\/p>\n\n\n\n<ul class=\"wp-block-list\">\n<li>Wen-Xi Li(\u674e\u6587\u6c50), Sep. 2020 &#8211; June 2023, Next: \u6559\u5e08, \u6df1\u5733\u5916\u56fd\u8bed\u5b66\u6821\uff08\u96c6\u56e2\uff09\u5b9d\u5b89\u5b66\u6821<\/li>\n\n\n\n<li>Ying-Jie Zhang(\u5f20\u82f1\u6770), Sep. 2020 &#8211; June 2023, Next: \u6559\u5e08, \u6c5f\u897f\u5357\u660c<\/li>\n\n\n\n<li>Min Lin (\u6797\u654f), Sep. 2019- June 2022, Next: \u6559\u5e08\uff0c\u6d59\u6c5f\u7701\u6e29\u5dde\u5e02\u9f99\u6e7e\u4e2d\u5b66<\/li>\n\n\n\n<li>Ai-Fang Cheng(\u7a0b\u7231\u9632)\uff0cSep. 2018 &#8211; June 2021\uff0cNext: \u6559\u5e08, \u5c71\u4e1c\u83cf\u6cfd\u5e02\u5b9a\u9676\u533a\u5c71\u5927\u9644\u4e2d\u5b9e\u9a8c\u5b66\u6821<\/li>\n\n\n\n<li>Shao-Rong Li(\u674e\u7ecd\u8363), Sep. 2018 &#8211; June 2021, Next: \u6559\u5e08, \u676d\u5dde\u5e02\u5927\u6210\u5cb3\u5bb6\u6e7e\u5b9e\u9a8c\u5b66\u6821<\/li>\n\n\n\n<li>Chan Qing (\u79e6\u7545), Sep. 2018 \u2013 June 2021, Next: Banker in Huzhou, Zhejiang province<\/li>\n\n\n\n<li>Qing Yuan(\u8881\u6e05), Sep. 2016- June 2019, Next: \u6559\u5e08, \u4e0a\u6d77\u540c\u6d4e\u5927\u5b66\u9644\u5c5e\u5609\u5b9a\u5b9e\u9a8c\u4e2d\u5b66<\/li>\n\n\n\n<li>Shi-yang Chen(\u9648\u4e16\u9633), Sep.2015-June 2019, Next: industry, Now: PhD Student of Prof. Gert Aarts in Swansea University, UK<\/li>\n<\/ul>\n","protected":false},"excerpt":{"rendered":"<p>Professor Heng-Tong Ding\u4e01\u4ea8\u901a\u6559\u6388 | \u6770\u9752Office: 9435 Email: hengtong.ding@ccnu.edu.cnLink: IOPP hompage Hai-Tao Shu\u8212\u6d77\u6d9b\u6559\u6388Office: 9430 Email: hai-tao.shu@ccnu.edu.cn Assistant Professors: Ke-Long Zhang\u5f20\u514b\u9f99\u526f\u7814\u7a76\u5458Office: 91216 Email: klzhang@ccnu.edu.cn Staff: Sheng-Tai Li\u674e\u80dc\u6cf0\u5de5\u7a0b\u5e08Office\uff1a9750 Email\uff1alishengtai@ccnu.edu.cn Postdoctoral Researchers: Arpith KumarOffice: 9417 Email: arpithk@ccnu.edu.cn Sandip MaitiOffice: 9417 Email: sandipmaiti73@gmail.com Jos\u00e9 Javier Hern\u00e1ndez Hern\u00e1ndezOffice: 9427 Email: josejavierhdezhdez98@gmail.com PhD students: Jin-Biao Gu \u987e\u9526\u5f6aOffice: 9419 Email: jinbiaogu@malis.ccnu.edu.cn Ran Luo [&hellip;]<\/p>\n","protected":false},"author":1,"featured_media":0,"parent":0,"menu_order":0,"comment_status":"closed","ping_status":"closed","template":"","meta":{"footnotes":""},"class_list":["post-18","page","type-page","status-publish","hentry"],"_links":{"self":[{"href":"http:\/\/www.ccnulqcd.net\/index.php\/wp-json\/wp\/v2\/pages\/18","targetHints":{"allow":["GET"]}}],"collection":[{"href":"http:\/\/www.ccnulqcd.net\/index.php\/wp-json\/wp\/v2\/pages"}],"about":[{"href":"http:\/\/www.ccnulqcd.net\/index.php\/wp-json\/wp\/v2\/types\/page"}],"author":[{"embeddable":true,"href":"http:\/\/www.ccnulqcd.net\/index.php\/wp-json\/wp\/v2\/users\/1"}],"replies":[{"embeddable":true,"href":"http:\/\/www.ccnulqcd.net\/index.php\/wp-json\/wp\/v2\/comments?post=18"}],"version-history":[{"count":44,"href":"http:\/\/www.ccnulqcd.net\/index.php\/wp-json\/wp\/v2\/pages\/18\/revisions"}],"predecessor-version":[{"id":567,"href":"http:\/\/www.ccnulqcd.net\/index.php\/wp-json\/wp\/v2\/pages\/18\/revisions\/567"}],"wp:attachment":[{"href":"http:\/\/www.ccnulqcd.net\/index.php\/wp-json\/wp\/v2\/media?parent=18"}],"curies":[{"name":"wp","href":"https:\/\/api.w.org\/{rel}","templated":true}]}}